{"id":824,"date":"2019-11-01T11:35:23","date_gmt":"2019-11-01T10:35:23","guid":{"rendered":"https:\/\/neptrontiming.wpcomstaging.com\/?page_id=824"},"modified":"2019-11-12T15:48:49","modified_gmt":"2019-11-12T14:48:49","slug":"from-a-z","status":"publish","type":"page","link":"https:\/\/neptrontiming.com\/de\/from-a-z\/","title":{"rendered":"Von A-Z"},"content":{"rendered":"<div class=\"wp-block-jetpack-tiled-gallery aligncenter is-style-columns\"><div class=\"tiled-gallery__gallery\"><div class=\"tiled-gallery__row\"><div class=\"tiled-gallery__col\"><figure class=\"tiled-gallery__item\"><img decoding=\"async\" data-attachment-id=\"795\" data-permalink=\"https:\/\/neptrontiming.com\/de\/first\/stage-7-photography-yj4fmsllgwe-unsplash-2\/\" data-orig-file=\"https:\/\/i0.wp.com\/neptrontiming.com\/wp-content\/uploads\/2019\/11\/stage-7-photography-yJ4FmslLgwE-unsplash.jpg?fit=6720%2C4480&amp;ssl=1\" data-orig-size=\"6720,4480\" data-comments-opened=\"1\" data-image-meta=\"{&quot;aperture&quot;:&quot;0&quot;,&quot;credit&quot;:&quot;&quot;,&quot;camera&quot;:&quot;&quot;,&quot;caption&quot;:&quot;&quot;,&quot;created_timestamp&quot;:&quot;0&quot;,&quot;copyright&quot;:&quot;&quot;,&quot;focal_length&quot;:&quot;0&quot;,&quot;iso&quot;:&quot;0&quot;,&quot;shutter_speed&quot;:&quot;0&quot;,&quot;title&quot;:&quot;&quot;,&quot;orientation&quot;:&quot;0&quot;}\" data-image-title=\"runner\" data-image-description=\"\" data-image-caption=\"\" data-large-file=\"https:\/\/i0.wp.com\/neptrontiming.com\/wp-content\/uploads\/2019\/11\/stage-7-photography-yJ4FmslLgwE-unsplash.jpg?fit=870%2C580&amp;ssl=1\" role=\"button\" tabindex=\"0\" aria-label=\"Bild\u00a01 von 5 im Vollbildmodus \u00f6ffnen\" srcset=\"https:\/\/i2.wp.com\/neptrontiming.com\/wp-content\/uploads\/2019\/11\/stage-7-photography-yJ4FmslLgwE-unsplash.jpg?strip=info&#038;w=600&#038;ssl=1 600w,https:\/\/i2.wp.com\/neptrontiming.com\/wp-content\/uploads\/2019\/11\/stage-7-photography-yJ4FmslLgwE-unsplash.jpg?strip=info&#038;w=900&#038;ssl=1 900w,https:\/\/i2.wp.com\/neptrontiming.com\/wp-content\/uploads\/2019\/11\/stage-7-photography-yJ4FmslLgwE-unsplash.jpg?strip=info&#038;w=1200&#038;ssl=1 1200w,https:\/\/i2.wp.com\/neptrontiming.com\/wp-content\/uploads\/2019\/11\/stage-7-photography-yJ4FmslLgwE-unsplash.jpg?strip=info&#038;w=1500&#038;ssl=1 1500w,https:\/\/i2.wp.com\/neptrontiming.com\/wp-content\/uploads\/2019\/11\/stage-7-photography-yJ4FmslLgwE-unsplash.jpg?strip=info&#038;w=1800&#038;ssl=1 1800w,https:\/\/i2.wp.com\/neptrontiming.com\/wp-content\/uploads\/2019\/11\/stage-7-photography-yJ4FmslLgwE-unsplash.jpg?strip=info&#038;w=2000&#038;ssl=1 2000w\" alt=\"\" data-height=\"4480\" data-id=\"795\" data-link=\"https:\/\/neptrontiming.wpcomstaging.com\/first\/stage-7-photography-yj4fmsllgwe-unsplash-2\/\" data-url=\"https:\/\/neptrontiming.wpcomstaging.com\/wp-content\/uploads\/2019\/11\/stage-7-photography-yJ4FmslLgwE-unsplash.jpg\" data-width=\"6720\" src=\"https:\/\/i2.wp.com\/neptrontiming.com\/wp-content\/uploads\/2019\/11\/stage-7-photography-yJ4FmslLgwE-unsplash.jpg?ssl=1\"\/><\/figure><\/div><div class=\"tiled-gallery__col\"><figure class=\"tiled-gallery__item\"><img decoding=\"async\" data-attachment-id=\"1427\" data-permalink=\"https:\/\/neptrontiming.com\/de\/neptron\/sherise-van-dyk-atohf63b8dg-unsplash\/\" data-orig-file=\"https:\/\/i0.wp.com\/neptrontiming.com\/wp-content\/uploads\/2019\/11\/sherise-van-dyk-Atohf63B8Dg-unsplash.jpg?fit=1500%2C1000&amp;ssl=1\" data-orig-size=\"1500,1000\" data-comments-opened=\"1\" data-image-meta=\"{&quot;aperture&quot;:&quot;0&quot;,&quot;credit&quot;:&quot;&quot;,&quot;camera&quot;:&quot;&quot;,&quot;caption&quot;:&quot;&quot;,&quot;created_timestamp&quot;:&quot;0&quot;,&quot;copyright&quot;:&quot;&quot;,&quot;focal_length&quot;:&quot;0&quot;,&quot;iso&quot;:&quot;0&quot;,&quot;shutter_speed&quot;:&quot;0&quot;,&quot;title&quot;:&quot;&quot;,&quot;orientation&quot;:&quot;1&quot;}\" data-image-title=\"yellow-runners\" data-image-description=\"\" data-image-caption=\"\" data-large-file=\"https:\/\/i0.wp.com\/neptrontiming.com\/wp-content\/uploads\/2019\/11\/sherise-van-dyk-Atohf63B8Dg-unsplash.jpg?fit=870%2C580&amp;ssl=1\" role=\"button\" tabindex=\"0\" aria-label=\"Bild\u00a02 von 5 im Vollbildmodus \u00f6ffnen\" srcset=\"https:\/\/i2.wp.com\/neptrontiming.com\/wp-content\/uploads\/2019\/11\/sherise-van-dyk-Atohf63B8Dg-unsplash.jpg?strip=info&#038;w=600&#038;ssl=1 600w,https:\/\/i2.wp.com\/neptrontiming.com\/wp-content\/uploads\/2019\/11\/sherise-van-dyk-Atohf63B8Dg-unsplash.jpg?strip=info&#038;w=900&#038;ssl=1 900w,https:\/\/i2.wp.com\/neptrontiming.com\/wp-content\/uploads\/2019\/11\/sherise-van-dyk-Atohf63B8Dg-unsplash.jpg?strip=info&#038;w=1200&#038;ssl=1 1200w,https:\/\/i2.wp.com\/neptrontiming.com\/wp-content\/uploads\/2019\/11\/sherise-van-dyk-Atohf63B8Dg-unsplash.jpg?strip=info&#038;w=1500&#038;ssl=1 1500w\" alt=\"\" data-height=\"1000\" data-id=\"1427\" data-link=\"https:\/\/neptrontiming.wpcomstaging.com\/neptron\/sherise-van-dyk-atohf63b8dg-unsplash\/\" data-url=\"https:\/\/neptrontiming.wpcomstaging.com\/wp-content\/uploads\/2019\/11\/sherise-van-dyk-Atohf63B8Dg-unsplash.jpg\" data-width=\"1500\" src=\"https:\/\/i2.wp.com\/neptrontiming.com\/wp-content\/uploads\/2019\/11\/sherise-van-dyk-Atohf63B8Dg-unsplash.jpg?ssl=1\"\/><\/figure><\/div><div class=\"tiled-gallery__col\"><figure class=\"tiled-gallery__item\"><img decoding=\"async\" data-attachment-id=\"1435\" data-permalink=\"https:\/\/neptrontiming.com\/de\/neptron\/bfb67766929fdc2669faf321760de6a287fb274a425d452c25pimgpsh_fullsize_distr-kopia\/\" data-orig-file=\"https:\/\/i0.wp.com\/neptrontiming.com\/wp-content\/uploads\/2019\/11\/%5EBFB67766929FDC2669FAF321760DE6A287FB274A425D452C25%5Epimgpsh_fullsize_distr-kopia.jpg?fit=4928%2C3264&amp;ssl=1\" data-orig-size=\"4928,3264\" data-comments-opened=\"1\" data-image-meta=\"{&quot;aperture&quot;:&quot;4.5&quot;,&quot;credit&quot;:&quot;&quot;,&quot;camera&quot;:&quot;NIKON D5100&quot;,&quot;caption&quot;:&quot;&quot;,&quot;created_timestamp&quot;:&quot;1490441524&quot;,&quot;copyright&quot;:&quot;&quot;,&quot;focal_length&quot;:&quot;55&quot;,&quot;iso&quot;:&quot;2500&quot;,&quot;shutter_speed&quot;:&quot;0.033333333333333&quot;,&quot;title&quot;:&quot;&quot;,&quot;orientation&quot;:&quot;1&quot;}\" data-image-title=\"tunnelrun\" data-image-description=\"\" data-image-caption=\"\" data-large-file=\"https:\/\/i0.wp.com\/neptrontiming.com\/wp-content\/uploads\/2019\/11\/%5EBFB67766929FDC2669FAF321760DE6A287FB274A425D452C25%5Epimgpsh_fullsize_distr-kopia.jpg?fit=870%2C576&amp;ssl=1\" role=\"button\" tabindex=\"0\" aria-label=\"Bild\u00a03 von 5 im Vollbildmodus \u00f6ffnen\" srcset=\"https:\/\/i1.wp.com\/neptrontiming.com\/wp-content\/uploads\/2019\/11\/%5EBFB67766929FDC2669FAF321760DE6A287FB274A425D452C25%5Epimgpsh_fullsize_distr-kopia.jpg?strip=info&#038;w=600&#038;ssl=1 600w,https:\/\/i1.wp.com\/neptrontiming.com\/wp-content\/uploads\/2019\/11\/%5EBFB67766929FDC2669FAF321760DE6A287FB274A425D452C25%5Epimgpsh_fullsize_distr-kopia.jpg?strip=info&#038;w=900&#038;ssl=1 900w,https:\/\/i1.wp.com\/neptrontiming.com\/wp-content\/uploads\/2019\/11\/%5EBFB67766929FDC2669FAF321760DE6A287FB274A425D452C25%5Epimgpsh_fullsize_distr-kopia.jpg?strip=info&#038;w=1200&#038;ssl=1 1200w,https:\/\/i1.wp.com\/neptrontiming.com\/wp-content\/uploads\/2019\/11\/%5EBFB67766929FDC2669FAF321760DE6A287FB274A425D452C25%5Epimgpsh_fullsize_distr-kopia.jpg?strip=info&#038;w=1500&#038;ssl=1 1500w,https:\/\/i1.wp.com\/neptrontiming.com\/wp-content\/uploads\/2019\/11\/%5EBFB67766929FDC2669FAF321760DE6A287FB274A425D452C25%5Epimgpsh_fullsize_distr-kopia.jpg?strip=info&#038;w=1800&#038;ssl=1 1800w,https:\/\/i1.wp.com\/neptrontiming.com\/wp-content\/uploads\/2019\/11\/%5EBFB67766929FDC2669FAF321760DE6A287FB274A425D452C25%5Epimgpsh_fullsize_distr-kopia.jpg?strip=info&#038;w=2000&#038;ssl=1 2000w\" alt=\"\" data-height=\"3264\" data-id=\"1435\" data-link=\"https:\/\/neptrontiming.wpcomstaging.com\/neptron\/bfb67766929fdc2669faf321760de6a287fb274a425d452c25pimgpsh_fullsize_distr-kopia\/\" data-url=\"https:\/\/neptrontiming.wpcomstaging.com\/wp-content\/uploads\/2019\/11\/^BFB67766929FDC2669FAF321760DE6A287FB274A425D452C25^pimgpsh_fullsize_distr-kopia.jpg\" data-width=\"4928\" src=\"https:\/\/i1.wp.com\/neptrontiming.com\/wp-content\/uploads\/2019\/11\/%5EBFB67766929FDC2669FAF321760DE6A287FB274A425D452C25%5Epimgpsh_fullsize_distr-kopia.jpg?ssl=1\"\/><\/figure><\/div><div class=\"tiled-gallery__col\"><figure class=\"tiled-gallery__item\"><img decoding=\"async\" data-attachment-id=\"566\" data-permalink=\"https:\/\/neptrontiming.com\/de\/chander-r-o7snceimjim-unsplash-1\/\" data-orig-file=\"https:\/\/i0.wp.com\/neptrontiming.com\/wp-content\/uploads\/2019\/10\/chander-r-o7snceimjim-unsplash-1.jpg?fit=4848%2C3227&amp;ssl=1\" data-orig-size=\"4848,3227\" data-comments-opened=\"1\" data-image-meta=\"{&quot;aperture&quot;:&quot;0&quot;,&quot;credit&quot;:&quot;&quot;,&quot;camera&quot;:&quot;&quot;,&quot;caption&quot;:&quot;&quot;,&quot;created_timestamp&quot;:&quot;0&quot;,&quot;copyright&quot;:&quot;&quot;,&quot;focal_length&quot;:&quot;0&quot;,&quot;iso&quot;:&quot;0&quot;,&quot;shutter_speed&quot;:&quot;0&quot;,&quot;title&quot;:&quot;&quot;,&quot;orientation&quot;:&quot;0&quot;}\" data-image-title=\"runner\" data-image-description=\"\" data-image-caption=\"\" data-large-file=\"https:\/\/i0.wp.com\/neptrontiming.com\/wp-content\/uploads\/2019\/10\/chander-r-o7snceimjim-unsplash-1.jpg?fit=870%2C579&amp;ssl=1\" role=\"button\" tabindex=\"0\" aria-label=\"Bild\u00a04 von 5 im Vollbildmodus \u00f6ffnen\" srcset=\"https:\/\/i1.wp.com\/neptrontiming.com\/wp-content\/uploads\/2019\/10\/chander-r-o7snceimjim-unsplash-1.jpg?strip=info&#038;w=600&#038;ssl=1 600w,https:\/\/i1.wp.com\/neptrontiming.com\/wp-content\/uploads\/2019\/10\/chander-r-o7snceimjim-unsplash-1.jpg?strip=info&#038;w=900&#038;ssl=1 900w,https:\/\/i1.wp.com\/neptrontiming.com\/wp-content\/uploads\/2019\/10\/chander-r-o7snceimjim-unsplash-1.jpg?strip=info&#038;w=1200&#038;ssl=1 1200w,https:\/\/i1.wp.com\/neptrontiming.com\/wp-content\/uploads\/2019\/10\/chander-r-o7snceimjim-unsplash-1.jpg?strip=info&#038;w=1500&#038;ssl=1 1500w,https:\/\/i1.wp.com\/neptrontiming.com\/wp-content\/uploads\/2019\/10\/chander-r-o7snceimjim-unsplash-1.jpg?strip=info&#038;w=1800&#038;ssl=1 1800w,https:\/\/i1.wp.com\/neptrontiming.com\/wp-content\/uploads\/2019\/10\/chander-r-o7snceimjim-unsplash-1.jpg?strip=info&#038;w=2000&#038;ssl=1 2000w\" alt=\"\" data-height=\"3227\" data-id=\"566\" data-link=\"https:\/\/neptrontiming.wpcomstaging.com\/chander-r-o7snceimjim-unsplash-1\/\" data-url=\"https:\/\/neptrontiming.wpcomstaging.com\/wp-content\/uploads\/2019\/10\/chander-r-o7snceimjim-unsplash-1.jpg\" data-width=\"4848\" src=\"https:\/\/i1.wp.com\/neptrontiming.com\/wp-content\/uploads\/2019\/10\/chander-r-o7snceimjim-unsplash-1.jpg?ssl=1\"\/><\/figure><\/div><div class=\"tiled-gallery__col\"><figure class=\"tiled-gallery__item\"><img decoding=\"async\" data-attachment-id=\"592\" data-permalink=\"https:\/\/neptrontiming.com\/de\/david-marcu-8tjbrqgkfyu-unsplash-3\/\" data-orig-file=\"https:\/\/i0.wp.com\/neptrontiming.com\/wp-content\/uploads\/2019\/10\/david-marcu-8tjbrqgkfyu-unsplash-3.jpg?fit=2000%2C1328&amp;ssl=1\" data-orig-size=\"2000,1328\" data-comments-opened=\"1\" data-image-meta=\"{&quot;aperture&quot;:&quot;0&quot;,&quot;credit&quot;:&quot;&quot;,&quot;camera&quot;:&quot;&quot;,&quot;caption&quot;:&quot;&quot;,&quot;created_timestamp&quot;:&quot;0&quot;,&quot;copyright&quot;:&quot;&quot;,&quot;focal_length&quot;:&quot;0&quot;,&quot;iso&quot;:&quot;0&quot;,&quot;shutter_speed&quot;:&quot;0&quot;,&quot;title&quot;:&quot;&quot;,&quot;orientation&quot;:&quot;1&quot;}\" data-image-title=\"trailrun\" data-image-description=\"\" data-image-caption=\"\" data-large-file=\"https:\/\/i0.wp.com\/neptrontiming.com\/wp-content\/uploads\/2019\/10\/david-marcu-8tjbrqgkfyu-unsplash-3.jpg?fit=870%2C578&amp;ssl=1\" role=\"button\" tabindex=\"0\" aria-label=\"Bild\u00a05 von 5 im Vollbildmodus \u00f6ffnen\" srcset=\"https:\/\/i2.wp.com\/neptrontiming.com\/wp-content\/uploads\/2019\/10\/david-marcu-8tjbrqgkfyu-unsplash-3.jpg?strip=info&#038;w=600&#038;ssl=1 600w,https:\/\/i2.wp.com\/neptrontiming.com\/wp-content\/uploads\/2019\/10\/david-marcu-8tjbrqgkfyu-unsplash-3.jpg?strip=info&#038;w=900&#038;ssl=1 900w,https:\/\/i2.wp.com\/neptrontiming.com\/wp-content\/uploads\/2019\/10\/david-marcu-8tjbrqgkfyu-unsplash-3.jpg?strip=info&#038;w=1200&#038;ssl=1 1200w,https:\/\/i2.wp.com\/neptrontiming.com\/wp-content\/uploads\/2019\/10\/david-marcu-8tjbrqgkfyu-unsplash-3.jpg?strip=info&#038;w=1500&#038;ssl=1 1500w,https:\/\/i2.wp.com\/neptrontiming.com\/wp-content\/uploads\/2019\/10\/david-marcu-8tjbrqgkfyu-unsplash-3.jpg?strip=info&#038;w=1800&#038;ssl=1 1800w,https:\/\/i2.wp.com\/neptrontiming.com\/wp-content\/uploads\/2019\/10\/david-marcu-8tjbrqgkfyu-unsplash-3.jpg?strip=info&#038;w=2000&#038;ssl=1 2000w\" alt=\"\" data-height=\"1328\" data-id=\"592\" data-link=\"https:\/\/neptrontiming.wpcomstaging.com\/david-marcu-8tjbrqgkfyu-unsplash-3\/\" data-url=\"https:\/\/neptrontiming.wpcomstaging.com\/wp-content\/uploads\/2019\/10\/david-marcu-8tjbrqgkfyu-unsplash-3.jpg\" data-width=\"2000\" src=\"https:\/\/i2.wp.com\/neptrontiming.com\/wp-content\/uploads\/2019\/10\/david-marcu-8tjbrqgkfyu-unsplash-3.jpg?ssl=1\"\/><\/figure><\/div><\/div><\/div><\/div>\n\n\n\n<div style=\"height:20px\" aria-hidden=\"true\" class=\"wp-block-spacer\"><\/div>\n\n\n\n<p class=\"wp-block-paragraph\">Zeitnahme f\u00fcr Events anzubieten klingt einfach - jeder hat schlie\u00dflich schonmal eine Stoppuhr benutzt. Und es ist auch einfach - wenn man nur wenige Teilnehmer hat. Doch mit steigender Teilnehmerzahl, steigen auch die Anforderungen. HierDas ist, wo wir von Neptron mit ins Spiel kommen um zu zeigen, was wir am besten k\u00f6nnen: professionelle Zeitnahme mit ausgereiften und modernen Systemen. Wir f\u00fchlen uns dann am wohlsten, wenn wir bei den Sportveranstaltungen mittendrin sind und die Teilnehmer zufrieden \u00fcber die Ziellinie kommen sehen k\u00f6nnen.<\/p>\n\n\n\n<p class=\"wp-block-paragraph\">In den zur\u00fcckliegenden Jahren haben wir gelernt, dass jeder Wettbewerb und jedes Event unterschiedlich ist. Deshalb konzentrieren wir uns bei der Organisation auf die unterschiedlichen Bed\u00fcrfnisse und W\u00fcnsche unserer Kunden. Um die f\u00fcr Sie beste L\u00f6sung zu finden \u00fcberlegen wir diese zusammen mit unseren Veranstaltern.<\/p>","protected":false},"excerpt":{"rendered":"<p>Delivering time keeping can sound easy, after all, everyone has used the classic timer. This is easy with few participants. However, as the number of participants increases, the demands are raised and that&#8217;s when we at Neptron come in and show what we are best at doing, to manage the timing with our developed and<a class=\"more-link\" href=\"https:\/\/neptrontiming.com\/de\/from-a-z\/\">Weiterlesen <span class=\"screen-reader-text\">Von A-Z<\/span> <span class=\"meta-nav\" aria-hidden=\"true\">&rarr;<\/span><\/a><\/p>","protected":false},"author":173813662,"featured_media":0,"parent":0,"menu_order":0,"comment_status":"closed","ping_status":"closed","template":"","meta":{"_coblocks_attr":"","_coblocks_dimensions":"","_coblocks_responsive_height":"","_coblocks_accordion_ie_support":"","_crdt_document":"","advanced_seo_description":"","jetpack_seo_html_title":"","jetpack_seo_noindex":false,"jetpack_post_was_ever_published":false,"footnotes":""},"tags":[],"class_list":["post-824","page","type-page","status-publish","hentry"],"jetpack_likes_enabled":false,"jetpack_sharing_enabled":false,"jetpack_shortlink":"https:\/\/wp.me\/PbpvpM-di","_links":{"self":[{"href":"https:\/\/neptrontiming.com\/de\/wp-json\/wp\/v2\/pages\/824","targetHints":{"allow":["GET"]}}],"collection":[{"href":"https:\/\/neptrontiming.com\/de\/wp-json\/wp\/v2\/pages"}],"about":[{"href":"https:\/\/neptrontiming.com\/de\/wp-json\/wp\/v2\/types\/page"}],"author":[{"embeddable":true,"href":"https:\/\/neptrontiming.com\/de\/wp-json\/wp\/v2\/users\/173813662"}],"replies":[{"embeddable":true,"href":"https:\/\/neptrontiming.com\/de\/wp-json\/wp\/v2\/comments?post=824"}],"version-history":[{"count":8,"href":"https:\/\/neptrontiming.com\/de\/wp-json\/wp\/v2\/pages\/824\/revisions"}],"predecessor-version":[{"id":1478,"href":"https:\/\/neptrontiming.com\/de\/wp-json\/wp\/v2\/pages\/824\/revisions\/1478"}],"wp:attachment":[{"href":"https:\/\/neptrontiming.com\/de\/wp-json\/wp\/v2\/media?parent=824"}],"wp:term":[{"taxonomy":"post_tag","embeddable":true,"href":"https:\/\/neptrontiming.com\/de\/wp-json\/wp\/v2\/tags?post=824"}],"curies":[{"name":"wp","href":"https:\/\/api.w.org\/{rel}","templated":true}]}}