{"id":772,"date":"2019-10-31T16:28:18","date_gmt":"2019-10-31T15:28:18","guid":{"rendered":"http:\/\/neptrontiming.wpcomstaging.com\/?page_id=772"},"modified":"2024-01-24T10:03:01","modified_gmt":"2024-01-24T09:03:01","slug":"news","status":"publish","type":"page","link":"https:\/\/neptrontiming.com\/de\/news\/","title":{"rendered":"News"},"content":{"rendered":"<h2 class=\"wp-block-heading has-text-align-left\"><span style=\"text-decoration: underline;\">September<\/span><\/h2>\n\n\n\n<h4 class=\"wp-block-heading\">Sweden<\/h4>\n\n\n\n<div class=\"wp-block-media-text alignwide has-media-on-the-right is-stacked-on-mobile\"><div class=\"wp-block-media-text__content\">\n<p class=\"has-large-font-size wp-block-paragraph\">Liding\u00f6loppet<\/p>\n\n\n\n<p class=\"wp-block-paragraph\">Liding\u00f6loppet is a terrain race that is held on Liding\u00f6 every year since 1965. The Liding\u00f6loppet is today the world&#8217;s largest terrain running race and Neptron have had the time keeping since 2005. This year almost 40.000 runners showed up to be a part of the race!<\/p>\n<\/div><figure class=\"wp-block-media-text__media\"><img data-recalc-dims=\"1\" loading=\"lazy\" decoding=\"async\" width=\"870\" height=\"576\" data-attachment-id=\"1423\" data-permalink=\"https:\/\/neptrontiming.com\/de\/neptron\/dsc_0153\/\" data-orig-file=\"https:\/\/i0.wp.com\/neptrontiming.com\/wp-content\/uploads\/2019\/11\/DSC_0153.jpg?fit=4928%2C3264&amp;ssl=1\" data-orig-size=\"4928,3264\" data-comments-opened=\"1\" data-image-meta=\"{&quot;aperture&quot;:&quot;6.3&quot;,&quot;credit&quot;:&quot;&quot;,&quot;camera&quot;:&quot;NIKON D5100&quot;,&quot;caption&quot;:&quot;&quot;,&quot;created_timestamp&quot;:&quot;1506171354&quot;,&quot;copyright&quot;:&quot;&quot;,&quot;focal_length&quot;:&quot;55&quot;,&quot;iso&quot;:&quot;200&quot;,&quot;shutter_speed&quot;:&quot;0.003125&quot;,&quot;title&quot;:&quot;&quot;,&quot;orientation&quot;:&quot;1&quot;}\" data-image-title=\"lidingo-start\" data-image-description=\"\" data-image-caption=\"\" data-large-file=\"https:\/\/i0.wp.com\/neptrontiming.com\/wp-content\/uploads\/2019\/11\/DSC_0153.jpg?fit=870%2C576&amp;ssl=1\" src=\"https:\/\/i0.wp.com\/neptrontiming.com\/wp-content\/uploads\/2019\/11\/DSC_0153.jpg?resize=870%2C576&#038;ssl=1\" alt=\"\" class=\"wp-image-1423 size-full\" srcset=\"https:\/\/i0.wp.com\/neptrontiming.com\/wp-content\/uploads\/2019\/11\/DSC_0153.jpg?resize=1024%2C678&amp;ssl=1 1024w, https:\/\/i0.wp.com\/neptrontiming.com\/wp-content\/uploads\/2019\/11\/DSC_0153.jpg?resize=300%2C199&amp;ssl=1 300w, https:\/\/i0.wp.com\/neptrontiming.com\/wp-content\/uploads\/2019\/11\/DSC_0153.jpg?resize=768%2C509&amp;ssl=1 768w, https:\/\/i0.wp.com\/neptrontiming.com\/wp-content\/uploads\/2019\/11\/DSC_0153.jpg?w=1740&amp;ssl=1 1740w, https:\/\/i0.wp.com\/neptrontiming.com\/wp-content\/uploads\/2019\/11\/DSC_0153.jpg?w=2610&amp;ssl=1 2610w\" sizes=\"auto, (max-width: 870px) 100vw, 870px\" \/><\/figure><\/div>\n\n\n\n<div style=\"height:73px\" aria-hidden=\"true\" class=\"wp-block-spacer\"><\/div>\n\n\n\n<div class=\"wp-block-media-text alignwide is-stacked-on-mobile\"><figure class=\"wp-block-media-text__media\"><img loading=\"lazy\" decoding=\"async\" width=\"2000\" height=\"1333\" data-attachment-id=\"1382\" data-permalink=\"https:\/\/neptrontiming.com\/de\/news\/red-bull-neptune-steps_2000px-2-3\/\" data-orig-file=\"https:\/\/i0.wp.com\/neptrontiming.com\/wp-content\/uploads\/2019\/11\/red-bull-neptune-steps_2000px-2.jpg?fit=2000%2C1333&amp;ssl=1\" data-orig-size=\"2000,1333\" data-comments-opened=\"1\" data-image-meta=\"{&quot;aperture&quot;:&quot;0&quot;,&quot;credit&quot;:&quot;&quot;,&quot;camera&quot;:&quot;&quot;,&quot;caption&quot;:&quot;&quot;,&quot;created_timestamp&quot;:&quot;0&quot;,&quot;copyright&quot;:&quot;&quot;,&quot;focal_length&quot;:&quot;0&quot;,&quot;iso&quot;:&quot;0&quot;,&quot;shutter_speed&quot;:&quot;0&quot;,&quot;title&quot;:&quot;&quot;,&quot;orientation&quot;:&quot;0&quot;}\" data-image-title=\"redbull\" data-image-description=\"\" data-image-caption=\"\" data-large-file=\"https:\/\/i0.wp.com\/neptrontiming.com\/wp-content\/uploads\/2019\/11\/red-bull-neptune-steps_2000px-2.jpg?fit=870%2C579&amp;ssl=1\" src=\"https:\/\/i2.wp.com\/neptrontiming.com\/wp-content\/uploads\/2019\/11\/red-bull-neptune-steps_2000px-2.jpg?fit=870%2C579&amp;ssl=1\" alt=\"\" class=\"wp-image-1382 size-full\" srcset=\"https:\/\/i0.wp.com\/neptrontiming.com\/wp-content\/uploads\/2019\/11\/red-bull-neptune-steps_2000px-2.jpg?w=2000&amp;ssl=1 2000w, https:\/\/i0.wp.com\/neptrontiming.com\/wp-content\/uploads\/2019\/11\/red-bull-neptune-steps_2000px-2.jpg?resize=300%2C200&amp;ssl=1 300w, https:\/\/i0.wp.com\/neptrontiming.com\/wp-content\/uploads\/2019\/11\/red-bull-neptune-steps_2000px-2.jpg?resize=768%2C512&amp;ssl=1 768w, https:\/\/i0.wp.com\/neptrontiming.com\/wp-content\/uploads\/2019\/11\/red-bull-neptune-steps_2000px-2.jpg?resize=1024%2C682&amp;ssl=1 1024w, https:\/\/i0.wp.com\/neptrontiming.com\/wp-content\/uploads\/2019\/11\/red-bull-neptune-steps_2000px-2.jpg?w=1740&amp;ssl=1 1740w\" sizes=\"auto, (max-width: 870px) 100vw, 870px\" \/><\/figure><div class=\"wp-block-media-text__content\">\n<p class=\"has-large-font-size wp-block-paragraph\">Red Bull Neptune Steps<\/p>\n\n\n\n<p class=\"wp-block-paragraph\">The tough swim-climb race had participants swim and climb their way through 900 meters of cold water and obstacles. With 28.8m\u2018s of vertical climb over 11 canal locks, Red Bull Neptune Steps pushed the participants to their absolute limits. <\/p>\n<\/div><\/div>\n\n\n\n<div style=\"height:146px\" aria-hidden=\"true\" class=\"wp-block-spacer\"><\/div>\n\n\n\n<h2 class=\"wp-block-heading\"><span style=\"text-decoration: underline;\">June<\/span><\/h2>\n\n\n\n<h4 class=\"wp-block-heading\"> Sweden <\/h4>\n\n\n\n<div class=\"wp-block-media-text alignwide has-media-on-the-right is-stacked-on-mobile\"><div class=\"wp-block-media-text__content\">\n<p class=\"has-large-font-size wp-block-paragraph\">V\u00e4tternrundan<\/p>\n\n\n\n<p class=\"wp-block-paragraph\">The world&#8217;s largest exercise bike race. V\u00e4tternrundan is an experience for everyone! 300 km around Lake V\u00e4ttern places its demands on the almost 23.000 participants who gather annually for what we want to call a bicycle party. Neptron have had the time keeping on V\u00e4tternrundan since 2011.<\/p>\n<\/div><figure class=\"wp-block-media-text__media\"><img loading=\"lazy\" decoding=\"async\" width=\"6000\" height=\"3719\" data-attachment-id=\"1377\" data-permalink=\"https:\/\/neptrontiming.com\/de\/news\/vatternrundan\/\" data-orig-file=\"https:\/\/i0.wp.com\/neptrontiming.com\/wp-content\/uploads\/2019\/11\/vatternrundan.jpg?fit=6000%2C3719&amp;ssl=1\" data-orig-size=\"6000,3719\" data-comments-opened=\"1\" data-image-meta=\"{&quot;aperture&quot;:&quot;0&quot;,&quot;credit&quot;:&quot;&quot;,&quot;camera&quot;:&quot;&quot;,&quot;caption&quot;:&quot;&quot;,&quot;created_timestamp&quot;:&quot;0&quot;,&quot;copyright&quot;:&quot;&quot;,&quot;focal_length&quot;:&quot;0&quot;,&quot;iso&quot;:&quot;0&quot;,&quot;shutter_speed&quot;:&quot;0&quot;,&quot;title&quot;:&quot;&quot;,&quot;orientation&quot;:&quot;0&quot;}\" data-image-title=\"vatternrundan\" data-image-description=\"\" data-image-caption=\"\" data-large-file=\"https:\/\/i0.wp.com\/neptrontiming.com\/wp-content\/uploads\/2019\/11\/vatternrundan.jpg?fit=870%2C540&amp;ssl=1\" src=\"https:\/\/i2.wp.com\/neptrontiming.com\/wp-content\/uploads\/2019\/11\/vatternrundan.jpg?fit=870%2C540&amp;ssl=1\" alt=\"\" class=\"wp-image-1377 size-full\" srcset=\"https:\/\/i0.wp.com\/neptrontiming.com\/wp-content\/uploads\/2019\/11\/vatternrundan.jpg?w=6000&amp;ssl=1 6000w, https:\/\/i0.wp.com\/neptrontiming.com\/wp-content\/uploads\/2019\/11\/vatternrundan.jpg?resize=300%2C186&amp;ssl=1 300w, https:\/\/i0.wp.com\/neptrontiming.com\/wp-content\/uploads\/2019\/11\/vatternrundan.jpg?resize=768%2C476&amp;ssl=1 768w, https:\/\/i0.wp.com\/neptrontiming.com\/wp-content\/uploads\/2019\/11\/vatternrundan.jpg?resize=1024%2C635&amp;ssl=1 1024w, https:\/\/i0.wp.com\/neptrontiming.com\/wp-content\/uploads\/2019\/11\/vatternrundan.jpg?w=1740&amp;ssl=1 1740w, https:\/\/i0.wp.com\/neptrontiming.com\/wp-content\/uploads\/2019\/11\/vatternrundan.jpg?w=2610&amp;ssl=1 2610w\" sizes=\"auto, (max-width: 870px) 100vw, 870px\" \/><\/figure><\/div>\n\n\n\n<div style=\"height:100px\" aria-hidden=\"true\" class=\"wp-block-spacer\"><\/div>\n\n\n\n<div style=\"height:100px\" aria-hidden=\"true\" class=\"wp-block-spacer\"><\/div>","protected":false},"excerpt":{"rendered":"<p>September Sweden Liding\u00f6loppet Liding\u00f6loppet is a terrain race that is held on Liding\u00f6 every year since 1965. The Liding\u00f6loppet is today the world&#8217;s largest terrain running race and Neptron have had the time keeping since 2005. This year almost 40.000 runners showed up to be a part of the race! Red Bull Neptune Steps The<a class=\"more-link\" href=\"https:\/\/neptrontiming.com\/de\/news\/\">Weiterlesen <span class=\"screen-reader-text\">News<\/span> <span class=\"meta-nav\" aria-hidden=\"true\">&rarr;<\/span><\/a><\/p>","protected":false},"author":173813662,"featured_media":0,"parent":0,"menu_order":0,"comment_status":"closed","ping_status":"closed","template":"","meta":{"_coblocks_attr":"","_coblocks_dimensions":"","_coblocks_responsive_height":"","_coblocks_accordion_ie_support":"","_crdt_document":"","advanced_seo_description":"","jetpack_seo_html_title":"","jetpack_seo_noindex":false,"footnotes":""},"tags":[],"class_list":["post-772","page","type-page","status-publish","hentry"],"jetpack_likes_enabled":false,"jetpack_sharing_enabled":false,"jetpack_shortlink":"https:\/\/wp.me\/PbpvpM-cs","_links":{"self":[{"href":"https:\/\/neptrontiming.com\/de\/wp-json\/wp\/v2\/pages\/772","targetHints":{"allow":["GET"]}}],"collection":[{"href":"https:\/\/neptrontiming.com\/de\/wp-json\/wp\/v2\/pages"}],"about":[{"href":"https:\/\/neptrontiming.com\/de\/wp-json\/wp\/v2\/types\/page"}],"author":[{"embeddable":true,"href":"https:\/\/neptrontiming.com\/de\/wp-json\/wp\/v2\/users\/173813662"}],"replies":[{"embeddable":true,"href":"https:\/\/neptrontiming.com\/de\/wp-json\/wp\/v2\/comments?post=772"}],"version-history":[{"count":12,"href":"https:\/\/neptrontiming.com\/de\/wp-json\/wp\/v2\/pages\/772\/revisions"}],"predecessor-version":[{"id":5513,"href":"https:\/\/neptrontiming.com\/de\/wp-json\/wp\/v2\/pages\/772\/revisions\/5513"}],"wp:attachment":[{"href":"https:\/\/neptrontiming.com\/de\/wp-json\/wp\/v2\/media?parent=772"}],"wp:term":[{"taxonomy":"post_tag","embeddable":true,"href":"https:\/\/neptrontiming.com\/de\/wp-json\/wp\/v2\/tags?post=772"}],"curies":[{"name":"wp","href":"https:\/\/api.w.org\/{rel}","templated":true}]}}