{"id":427,"date":"2019-10-30T11:43:56","date_gmt":"2019-10-30T10:43:56","guid":{"rendered":"http:\/\/neptrontiming.wpcomstaging.com\/?page_id=427"},"modified":"2020-03-13T14:51:42","modified_gmt":"2020-03-13T13:51:42","slug":"service","status":"publish","type":"page","link":"https:\/\/neptrontiming.com\/de\/service\/","title":{"rendered":"Services"},"content":{"rendered":"<div class=\"wp-block-image\"><figure class=\"aligncenter size-large\"><img data-recalc-dims=\"1\" loading=\"lazy\" decoding=\"async\" width=\"870\" height=\"282\" data-attachment-id=\"1437\" data-permalink=\"https:\/\/neptrontiming.com\/de\/neptron\/candra-winata-cyofvtpoipu-unsplash-kopia\/\" data-orig-file=\"https:\/\/i0.wp.com\/neptrontiming.com\/wp-content\/uploads\/2019\/11\/candra-winata-CYOFvtpOIpU-unsplash-kopia-e1573205837926.jpg?fit=1500%2C487&amp;ssl=1\" data-orig-size=\"1500,487\" data-comments-opened=\"1\" data-image-meta=\"{&quot;aperture&quot;:&quot;0&quot;,&quot;credit&quot;:&quot;&quot;,&quot;camera&quot;:&quot;&quot;,&quot;caption&quot;:&quot;&quot;,&quot;created_timestamp&quot;:&quot;0&quot;,&quot;copyright&quot;:&quot;&quot;,&quot;focal_length&quot;:&quot;0&quot;,&quot;iso&quot;:&quot;0&quot;,&quot;shutter_speed&quot;:&quot;0&quot;,&quot;title&quot;:&quot;&quot;,&quot;orientation&quot;:&quot;1&quot;}\" data-image-title=\"runner\" data-image-description=\"\" data-image-caption=\"\" data-medium-file=\"https:\/\/i0.wp.com\/neptrontiming.com\/wp-content\/uploads\/2019\/11\/candra-winata-CYOFvtpOIpU-unsplash-kopia-e1573205837926.jpg?fit=300%2C97&amp;ssl=1\" data-large-file=\"https:\/\/i0.wp.com\/neptrontiming.com\/wp-content\/uploads\/2019\/11\/candra-winata-CYOFvtpOIpU-unsplash-kopia-e1573205837926.jpg?fit=870%2C282&amp;ssl=1\" src=\"https:\/\/i0.wp.com\/neptrontiming.wpcomstaging.com\/wp-content\/uploads\/2019\/11\/candra-winata-CYOFvtpOIpU-unsplash-kopia-e1573205837926-1024x332.jpg?resize=870%2C282&#038;ssl=1\" alt=\"\" class=\"wp-image-1437\" srcset=\"https:\/\/i0.wp.com\/neptrontiming.com\/wp-content\/uploads\/2019\/11\/candra-winata-CYOFvtpOIpU-unsplash-kopia-e1573205837926.jpg?resize=1024%2C332&amp;ssl=1 1024w, https:\/\/i0.wp.com\/neptrontiming.com\/wp-content\/uploads\/2019\/11\/candra-winata-CYOFvtpOIpU-unsplash-kopia-e1573205837926.jpg?resize=300%2C97&amp;ssl=1 300w, https:\/\/i0.wp.com\/neptrontiming.com\/wp-content\/uploads\/2019\/11\/candra-winata-CYOFvtpOIpU-unsplash-kopia-e1573205837926.jpg?resize=768%2C249&amp;ssl=1 768w, https:\/\/i0.wp.com\/neptrontiming.com\/wp-content\/uploads\/2019\/11\/candra-winata-CYOFvtpOIpU-unsplash-kopia-e1573205837926.jpg?w=1500&amp;ssl=1 1500w\" sizes=\"auto, (max-width: 870px) 100vw, 870px\" \/><\/figure><\/div>\n\n\n\n<p class=\"wp-block-paragraph\"><\/p>\n\n\n\n<p style=\"font-size:18px\" class=\"has-text-align-center has-custom-size wp-block-paragraph\">Neptrons Vision ist es die beste Komplettl\u00f6sung an Zeitnahmesystemen f\u00fcr Ihre Events anzubieten. Der pers\u00f6nliche Kontakt w\u00e4hrend des gesamten Planungsprozesses mit Ihnen ist uns wichtig um dies zu erreichen. Wir stellen einen hocheffizienten Service sicher, nutzen modere Zeitmessverfahren und bieten sichere und verl\u00e4ssliche L\u00f6sungen an. Unsere verschiedenen Services finden Sie unten.<\/p>\n\n\n\n<p class=\"has-text-align-center wp-block-paragraph\"><a href=\"\/de\/?page_id=208\">Online-Anmeldung <em>\u2192<\/em><\/a> <\/p>\n\n\n\n<p class=\"has-text-align-center wp-block-paragraph\"><a href=\"\/de\/?page_id=421\">Startnummern&nbsp;<em>\u2192<\/em> <\/a><\/p>\n\n\n\n<p class=\"has-text-align-center wp-block-paragraph\"><a href=\"\/de\/?page_id=424\">Zeitnahme  <em>\u2192<\/em>  <\/a><\/p>","protected":false},"excerpt":{"rendered":"<p>Neptrons vision is to be the best complete solution in time keeping for your event. We at Neptron believe that we achieve this by keeping in-person contact throughout the process, give high service, use modern proven technology and a thorough safety and reliability approach. Read more about what we offer by choosing one of our<a class=\"more-link\" href=\"https:\/\/neptrontiming.com\/de\/service\/\">Weiterlesen <span class=\"screen-reader-text\">Services<\/span> <span class=\"meta-nav\" aria-hidden=\"true\">&rarr;<\/span><\/a><\/p>","protected":false},"author":173813662,"featured_media":0,"parent":0,"menu_order":0,"comment_status":"closed","ping_status":"closed","template":"","meta":{"_coblocks_attr":"","_coblocks_dimensions":"{\"coblocks-hero-93113291900\":{\"padding\":{}}}","_coblocks_responsive_height":"","_coblocks_accordion_ie_support":"","_crdt_document":"","advanced_seo_description":"","jetpack_seo_html_title":"","jetpack_seo_noindex":false,"jetpack_post_was_ever_published":false,"footnotes":""},"tags":[],"class_list":["post-427","page","type-page","status-publish","hentry"],"jetpack_likes_enabled":false,"jetpack_sharing_enabled":false,"jetpack_shortlink":"https:\/\/wp.me\/PbpvpM-6T","_links":{"self":[{"href":"https:\/\/neptrontiming.com\/de\/wp-json\/wp\/v2\/pages\/427","targetHints":{"allow":["GET"]}}],"collection":[{"href":"https:\/\/neptrontiming.com\/de\/wp-json\/wp\/v2\/pages"}],"about":[{"href":"https:\/\/neptrontiming.com\/de\/wp-json\/wp\/v2\/types\/page"}],"author":[{"embeddable":true,"href":"https:\/\/neptrontiming.com\/de\/wp-json\/wp\/v2\/users\/173813662"}],"replies":[{"embeddable":true,"href":"https:\/\/neptrontiming.com\/de\/wp-json\/wp\/v2\/comments?post=427"}],"version-history":[{"count":23,"href":"https:\/\/neptrontiming.com\/de\/wp-json\/wp\/v2\/pages\/427\/revisions"}],"predecessor-version":[{"id":2472,"href":"https:\/\/neptrontiming.com\/de\/wp-json\/wp\/v2\/pages\/427\/revisions\/2472"}],"wp:attachment":[{"href":"https:\/\/neptrontiming.com\/de\/wp-json\/wp\/v2\/media?parent=427"}],"wp:term":[{"taxonomy":"post_tag","embeddable":true,"href":"https:\/\/neptrontiming.com\/de\/wp-json\/wp\/v2\/tags?post=427"}],"curies":[{"name":"wp","href":"https:\/\/api.w.org\/{rel}","templated":true}]}}