{"id":225,"date":"2019-10-29T09:58:51","date_gmt":"2019-10-29T08:58:51","guid":{"rendered":"https:\/\/neptrontiming.wpcomstaging.com\/?page_id=225"},"modified":"2019-11-01T16:47:35","modified_gmt":"2019-11-01T15:47:35","slug":"the-team","status":"publish","type":"page","link":"https:\/\/neptrontiming.com\/de\/the-team\/","title":{"rendered":"\u00dcber uns"},"content":{"rendered":"<p class=\"wp-block-paragraph\">1997 entwickelten wir unser System \u201dSportident\u201d f\u00fcr Orientierungsl\u00e4ufe. Durch den Erfolg des Systems erhielten wir zu dieser Zeit auch immer mehr Anfragen f\u00fcr die Zeitnahme von Veranstaltern von Lauf- und Radveranstaltungen, so gr\u00fcndeten wir Neptron. <\/p>\n\n\n\n<p class=\"wp-block-paragraph\">Wir begannen unser Zeitnahmesystem f\u00fcr L\u00e4ufe und Radrennen weiterzuentwickeln und ebenso unser Anmeldungssystem zu entwickeln. Das ist Teil unsere Arbeitsphilosophie \u2013 wir richten uns nach dem was gebraucht wird, passen es an und setzen es um, nichts ist unm\u00f6glich. <\/p>\n\n\n\n<p class=\"wp-block-paragraph\">Durch die Produktion unserer eigenen Startnummern und Zeitnehmchips, k\u00f6nnen wir unseren Kunden eine Komplettl\u00f6sung anbieten. Wir finden es sollte einfach sein ein Rennen zu Veranstalten. Durch die enge Zusammenarbeit mit unseren Veranstaltern versuchen wir stetig besser zu werden, aber nat\u00fcrlich sind wir nie entg\u00fcltig zufrieden. Mit euch k\u00f6nnen wir immer besser werden! <\/p>\n\n\n\n<p class=\"wp-block-paragraph\"><\/p>","protected":false},"excerpt":{"rendered":"<p>In 1997, we developed the Sportident Chip system in to the Orienteering world. During this time the request from running and bike organisers came and the company Neptron was born. We started developing our time keeping system for running and biking. In the same time, we also developed our registration system. That&#8217;s how we work,<a class=\"more-link\" href=\"https:\/\/neptrontiming.com\/de\/the-team\/\">Weiterlesen <span class=\"screen-reader-text\">\u00dcber uns<\/span> <span class=\"meta-nav\" aria-hidden=\"true\">&rarr;<\/span><\/a><\/p>","protected":false},"author":173813662,"featured_media":0,"parent":0,"menu_order":0,"comment_status":"closed","ping_status":"closed","template":"","meta":{"_coblocks_attr":"","_coblocks_dimensions":"","_coblocks_responsive_height":"","_coblocks_accordion_ie_support":"","_crdt_document":"","advanced_seo_description":"","jetpack_seo_html_title":"","jetpack_seo_noindex":false,"jetpack_post_was_ever_published":false,"footnotes":""},"tags":[],"class_list":["post-225","page","type-page","status-publish","hentry"],"jetpack_likes_enabled":false,"jetpack_sharing_enabled":false,"jetpack_shortlink":"https:\/\/wp.me\/PbpvpM-3D","_links":{"self":[{"href":"https:\/\/neptrontiming.com\/de\/wp-json\/wp\/v2\/pages\/225","targetHints":{"allow":["GET"]}}],"collection":[{"href":"https:\/\/neptrontiming.com\/de\/wp-json\/wp\/v2\/pages"}],"about":[{"href":"https:\/\/neptrontiming.com\/de\/wp-json\/wp\/v2\/types\/page"}],"author":[{"embeddable":true,"href":"https:\/\/neptrontiming.com\/de\/wp-json\/wp\/v2\/users\/173813662"}],"replies":[{"embeddable":true,"href":"https:\/\/neptrontiming.com\/de\/wp-json\/wp\/v2\/comments?post=225"}],"version-history":[{"count":21,"href":"https:\/\/neptrontiming.com\/de\/wp-json\/wp\/v2\/pages\/225\/revisions"}],"predecessor-version":[{"id":897,"href":"https:\/\/neptrontiming.com\/de\/wp-json\/wp\/v2\/pages\/225\/revisions\/897"}],"wp:attachment":[{"href":"https:\/\/neptrontiming.com\/de\/wp-json\/wp\/v2\/media?parent=225"}],"wp:term":[{"taxonomy":"post_tag","embeddable":true,"href":"https:\/\/neptrontiming.com\/de\/wp-json\/wp\/v2\/tags?post=225"}],"curies":[{"name":"wp","href":"https:\/\/api.w.org\/{rel}","templated":true}]}}